{"id":3830,"date":"2023-01-03T11:40:52","date_gmt":"2023-01-03T10:40:52","guid":{"rendered":"https:\/\/www.salvatoremolettieri.com\/?post_type=product&#038;p=3830"},"modified":"2026-01-08T08:57:00","modified_gmt":"2026-01-08T07:57:00","slug":"irpinia-d-o-c-coda-di-volpe","status":"publish","type":"product","link":"https:\/\/www.salvatoremolettieri.com\/en\/product\/irpinia-d-o-c-coda-di-volpe\/","title":{"rendered":"IRPINIA D.O.C. CODA DI VOLPE"},"content":{"rendered":"<div class=\"wpb-content-wrapper\"><div class=\"vc_row wpb_row vc_row-fluid\"><div class=\"wpb_column vc_column_container vc_col-sm-12 sc_layouts_column_icons_position_left\"><div class=\"vc_column-inner\"><div class=\"wpb_wrapper\"><div class=\"vc_empty_space\"   style=\"height: 30px\"><span class=\"vc_empty_space_inner\"><\/span><\/div><div class=\"vc_tta-container\" data-vc-action=\"collapse\"><div class=\"vc_general vc_tta vc_tta-tabs vc_tta-color-grey vc_tta-style-classic vc_tta-shape-rounded vc_tta-spacing-1 vc_tta-tabs-position-top vc_tta-controls-align-left\"><div class=\"vc_tta-tabs-container\"><ul class=\"vc_tta-tabs-list\" role=\"tablist\"><li class=\"vc_tta-tab vc_active\" data-vc-tab role=\"presentation\"><a href=\"#1589223216712-7800d9d3-6162\" data-vc-tabs data-vc-container=\".vc_tta\" role=\"tab\" aria-selected=\"false\" id=\"tab-1589223216712-7800d9d3-6162\"><span class=\"vc_tta-title-text\">Description<\/span><\/a><\/li><li class=\"vc_tta-tab\" data-vc-tab role=\"presentation\"><a href=\"#1589219101326-2708f3e8-0a12\" data-vc-tabs data-vc-container=\".vc_tta\" role=\"tab\" aria-selected=\"false\" id=\"tab-1589219101326-2708f3e8-0a12\"><span class=\"vc_tta-title-text\">Pairings<\/span><\/a><\/li><li class=\"vc_tta-tab\" data-vc-tab role=\"presentation\"><a href=\"#1599054325302-364bb4b6-61be\" data-vc-tabs data-vc-container=\".vc_tta\" role=\"tab\" aria-selected=\"false\" id=\"tab-1599054325302-364bb4b6-61be\"><span class=\"vc_tta-title-text\">Shipment<\/span><\/a><\/li><\/ul><\/div><div class=\"vc_tta-panels-container\"><div class=\"vc_tta-panels\"><div class=\"vc_tta-panel vc_active\" id=\"1589223216712-7800d9d3-6162\" data-vc-content=\".vc_tta-panel-body\"><div class=\"vc_tta-panel-heading\"><h4 class=\"vc_tta-panel-title\"><a href=\"#1589223216712-7800d9d3-6162\" data-vc-accordion data-vc-container=\".vc_tta-container\"><span class=\"vc_tta-title-text\">Description<\/span><\/a><\/h4><\/div><div class=\"vc_tta-panel-body\">\n\t<div class=\"wpb_text_column wpb_content_element vc_custom_1708434893492\" >\n\t\t<div class=\"wpb_wrapper\">\n\t\t\t<h3 class=\"sc_layouts_title_caption\"><strong><span style=\"color: #6f042f;\"><br \/>\nIRPINIA CODA DI COLPE<\/span><\/strong><\/h3>\n<p>&nbsp;<\/p>\n<p style=\"text-align: justify;\"><em><strong>Organoleptic analysis:<\/strong><\/em> ottenuto prevalentemente da uve del classico vitgno irpino Coda di Volpe. Questo vino \u00e8 di colore giallo paglierino, intenso e vivace. I profumi di decisa personalit\u00e0, sono freschi ed eleganti di media intensit\u00e0 e persistenza.<\/p>\n\n\t\t<\/div>\n\t<\/div>\n<\/div><\/div><div class=\"vc_tta-panel\" id=\"1589219101326-2708f3e8-0a12\" data-vc-content=\".vc_tta-panel-body\"><div class=\"vc_tta-panel-heading\"><h4 class=\"vc_tta-panel-title\"><a href=\"#1589219101326-2708f3e8-0a12\" data-vc-accordion data-vc-container=\".vc_tta-container\"><span class=\"vc_tta-title-text\">Pairings<\/span><\/a><\/h4><\/div><div class=\"vc_tta-panel-body\">\n\t<div class=\"wpb_text_column wpb_content_element vc_custom_1708434966189\" >\n\t\t<div class=\"wpb_wrapper\">\n\t\t\t<h3 class=\"sc_layouts_title_caption\"><strong><span style=\"color: #6f042f;\"><br \/>\nIRPINIA CODA DI COLPE<\/span><\/strong><\/h3>\n<p>&nbsp;<\/p>\n<p style=\"text-align: justify;\">Si abbina perfettamente a molteplici preparazioni a base di pesce, crostacei, molluschi e frutti di mare ma si adatta molto bene anche a delicate preparazioni di carni bianche e a formaggi di media stagionatura.<\/p>\n\n\t\t<\/div>\n\t<\/div>\n<\/div><\/div><div class=\"vc_tta-panel\" id=\"1599054325302-364bb4b6-61be\" data-vc-content=\".vc_tta-panel-body\"><div class=\"vc_tta-panel-heading\"><h4 class=\"vc_tta-panel-title\"><a href=\"#1599054325302-364bb4b6-61be\" data-vc-accordion data-vc-container=\".vc_tta-container\"><span class=\"vc_tta-title-text\">Shipment<\/span><\/a><\/h4><\/div><div class=\"vc_tta-panel-body\">\n\t<div class=\"wpb_text_column wpb_content_element vc_custom_1708434975096\" >\n\t\t<div class=\"wpb_wrapper\">\n\t\t\t<h3 class=\"sc_layouts_title_caption\"><strong><span style=\"color: #6f042f;\"><br \/>\nIRPINIA CODA DI COLPE<\/span><\/strong><\/h3>\n<p>&nbsp;<\/p>\n<p style=\"text-align: justify;\">We ship throughout Italy with protected and certified packaging. All our products can be shipped individually or in multiples of three or six.<\/p>\n\n\t\t<\/div>\n\t<\/div>\n<div class=\"vc_empty_space\"   style=\"height: 30px\"><span class=\"vc_empty_space_inner\"><\/span><\/div><div class=\"vc_row wpb_row vc_inner vc_row-fluid vc_custom_1708434982988\"><div class=\"wpb_column vc_column_container vc_col-sm-6 sc_layouts_column_icons_position_left\"><div class=\"vc_column-inner\"><div class=\"wpb_wrapper\">\n\t<div  class=\"wpb_single_image wpb_content_element vc_align_center wpb_content_element\">\n\t\t\n\t\t<figure class=\"wpb_wrapper vc_figure\">\n\t\t\t<a href=\"https:\/\/www.salvatoremolettieri.com\/wp-content\/uploads\/2020\/05\/Molettieri-Imballo-Spedizione-x3-Coda-di-Volpe-1024x683.jpg\" target=\"_self\" class=\"vc_single_image-wrapper   vc_box_border_grey\"><img loading=\"lazy\" decoding=\"async\" width=\"1200\" height=\"800\" src=\"https:\/\/www.salvatoremolettieri.com\/wp-content\/uploads\/2020\/05\/Molettieri-Imballo-Spedizione-x3-Coda-di-Volpe.jpg\" class=\"vc_single_image-img attachment-full\" alt=\"\" title=\"Molettieri-Imballo-Spedizione-x3-Coda-di-Volpe\" srcset=\"https:\/\/www.salvatoremolettieri.com\/wp-content\/uploads\/2020\/05\/Molettieri-Imballo-Spedizione-x3-Coda-di-Volpe.jpg 1200w, https:\/\/www.salvatoremolettieri.com\/wp-content\/uploads\/2020\/05\/Molettieri-Imballo-Spedizione-x3-Coda-di-Volpe-300x200.jpg 300w, https:\/\/www.salvatoremolettieri.com\/wp-content\/uploads\/2020\/05\/Molettieri-Imballo-Spedizione-x3-Coda-di-Volpe-1024x683.jpg 1024w, https:\/\/www.salvatoremolettieri.com\/wp-content\/uploads\/2020\/05\/Molettieri-Imballo-Spedizione-x3-Coda-di-Volpe-768x512.jpg 768w, https:\/\/www.salvatoremolettieri.com\/wp-content\/uploads\/2020\/05\/Molettieri-Imballo-Spedizione-x3-Coda-di-Volpe-16x12.jpg 16w, https:\/\/www.salvatoremolettieri.com\/wp-content\/uploads\/2020\/05\/Molettieri-Imballo-Spedizione-x3-Coda-di-Volpe-370x247.jpg 370w, https:\/\/www.salvatoremolettieri.com\/wp-content\/uploads\/2020\/05\/Molettieri-Imballo-Spedizione-x3-Coda-di-Volpe-760x507.jpg 760w, https:\/\/www.salvatoremolettieri.com\/wp-content\/uploads\/2020\/05\/Molettieri-Imballo-Spedizione-x3-Coda-di-Volpe-600x400.jpg 600w\" sizes=\"auto, (max-width: 1200px) 100vw, 1200px\" \/><\/a>\n\t\t<\/figure>\n\t<\/div>\n<\/div><\/div><\/div><div class=\"wpb_column vc_column_container vc_col-sm-6 sc_layouts_column_icons_position_left\"><div class=\"vc_column-inner\"><div class=\"wpb_wrapper\">\n\t<div  class=\"wpb_single_image wpb_content_element vc_align_center wpb_content_element\">\n\t\t\n\t\t<figure class=\"wpb_wrapper vc_figure\">\n\t\t\t<a href=\"https:\/\/www.salvatoremolettieri.com\/wp-content\/uploads\/2020\/05\/Molettieri-Imballo-Spedizione-x6-Coda-di-Volpe-1024x683.jpg\" target=\"_self\" class=\"vc_single_image-wrapper   vc_box_border_grey\"><img loading=\"lazy\" decoding=\"async\" width=\"1200\" height=\"800\" src=\"https:\/\/www.salvatoremolettieri.com\/wp-content\/uploads\/2020\/05\/Molettieri-Imballo-Spedizione-x6-Coda-di-Volpe.jpg\" class=\"vc_single_image-img attachment-full\" alt=\"\" title=\"Molettieri-Imballo-Spedizione-x6-Coda-di-Volpe\" srcset=\"https:\/\/www.salvatoremolettieri.com\/wp-content\/uploads\/2020\/05\/Molettieri-Imballo-Spedizione-x6-Coda-di-Volpe.jpg 1200w, https:\/\/www.salvatoremolettieri.com\/wp-content\/uploads\/2020\/05\/Molettieri-Imballo-Spedizione-x6-Coda-di-Volpe-300x200.jpg 300w, https:\/\/www.salvatoremolettieri.com\/wp-content\/uploads\/2020\/05\/Molettieri-Imballo-Spedizione-x6-Coda-di-Volpe-1024x683.jpg 1024w, https:\/\/www.salvatoremolettieri.com\/wp-content\/uploads\/2020\/05\/Molettieri-Imballo-Spedizione-x6-Coda-di-Volpe-768x512.jpg 768w, https:\/\/www.salvatoremolettieri.com\/wp-content\/uploads\/2020\/05\/Molettieri-Imballo-Spedizione-x6-Coda-di-Volpe-16x12.jpg 16w, https:\/\/www.salvatoremolettieri.com\/wp-content\/uploads\/2020\/05\/Molettieri-Imballo-Spedizione-x6-Coda-di-Volpe-370x247.jpg 370w, https:\/\/www.salvatoremolettieri.com\/wp-content\/uploads\/2020\/05\/Molettieri-Imballo-Spedizione-x6-Coda-di-Volpe-760x507.jpg 760w, https:\/\/www.salvatoremolettieri.com\/wp-content\/uploads\/2020\/05\/Molettieri-Imballo-Spedizione-x6-Coda-di-Volpe-600x400.jpg 600w\" sizes=\"auto, (max-width: 1200px) 100vw, 1200px\" \/><\/a>\n\t\t<\/figure>\n\t<\/div>\n<\/div><\/div><\/div><\/div><\/div><\/div><\/div><\/div><\/div><\/div><div class=\"vc_empty_space\"   style=\"height: 30px\"><span class=\"vc_empty_space_inner\"><\/span><\/div><\/div><\/div><\/div><\/div><div class=\"vc_row wpb_row vc_row-fluid\"><div class=\"wpb_column vc_column_container vc_col-sm-12 sc_layouts_column_icons_position_left\"><div class=\"vc_column-inner\"><div class=\"wpb_wrapper\">\n\t<div  class=\"wpb_single_image wpb_content_element vc_align_center wpb_content_element\">\n\t\t\n\t\t<figure class=\"wpb_wrapper vc_figure\">\n\t\t\t<div class=\"vc_single_image-wrapper   vc_box_border_grey\"><img loading=\"lazy\" decoding=\"async\" width=\"1313\" height=\"875\" src=\"https:\/\/www.salvatoremolettieri.com\/wp-content\/uploads\/2020\/05\/img-coda-di-volpe.jpg\" class=\"vc_single_image-img attachment-full\" alt=\"\" title=\"img-coda-di-volpe\" srcset=\"https:\/\/www.salvatoremolettieri.com\/wp-content\/uploads\/2020\/05\/img-coda-di-volpe.jpg 1313w, https:\/\/www.salvatoremolettieri.com\/wp-content\/uploads\/2020\/05\/img-coda-di-volpe-300x200.jpg 300w, https:\/\/www.salvatoremolettieri.com\/wp-content\/uploads\/2020\/05\/img-coda-di-volpe-1024x682.jpg 1024w, https:\/\/www.salvatoremolettieri.com\/wp-content\/uploads\/2020\/05\/img-coda-di-volpe-768x512.jpg 768w, https:\/\/www.salvatoremolettieri.com\/wp-content\/uploads\/2020\/05\/img-coda-di-volpe-16x12.jpg 16w, https:\/\/www.salvatoremolettieri.com\/wp-content\/uploads\/2020\/05\/img-coda-di-volpe-370x247.jpg 370w, https:\/\/www.salvatoremolettieri.com\/wp-content\/uploads\/2020\/05\/img-coda-di-volpe-760x506.jpg 760w, https:\/\/www.salvatoremolettieri.com\/wp-content\/uploads\/2020\/05\/img-coda-di-volpe-600x400.jpg 600w\" sizes=\"auto, (max-width: 1313px) 100vw, 1313px\" \/><\/div>\n\t\t<\/figure>\n\t<\/div>\n<\/div><\/div><\/div><\/div>\n<\/div>","protected":false},"excerpt":{"rendered":"<p>Typology: <strong>White<br \/>\n<\/strong>Denomination: <strong>DOCG<br \/>\n<\/strong>Grapes: <strong>Coda di Volpe 100%<br \/>\n<\/strong>Production area: <strong>Montemarano<\/strong><strong><br \/>\n<\/strong>Ground: <strong>Calcareo argilloso<br \/>\n<\/strong>Density: <strong>2500 vines\/hectare<br \/>\n<\/strong>Age of the vineyard: <strong>8-12 years<br \/>\n<\/strong>Location of the vineyard: <strong>500\/530 meters above sea level<br \/>\n<\/strong>Exposure: <strong>South-east<br \/>\n<\/strong>Production: <strong>9 tons\/hectare<br \/>\n<\/strong>Harvest: <strong>By hand in small cases<br \/>\n<\/strong>Time of harvest: <strong>Mid october<br \/>\n<\/strong>Fermentation: <strong>In steel with temperature control<br \/>\n<\/strong>Maturation: <strong>circa 4 mesi in acciaio<br \/>\n<\/strong>Finishing in the bottle: <strong>2 months minimum<br \/>\n<\/strong>Vine training system: <strong>Espalier-cordon spur<\/strong><\/p>\n<h4><a href=\"https:\/\/www.salvatoremolettieri.com\/wp-content\/uploads\/2021\/04\/Scheda-Coda-di-Volpe-ITA.pdf\" target=\"_blank\" rel=\"noopener noreferrer\"><img loading=\"lazy\" decoding=\"async\" class=\"alignnone wp-image-2852\" src=\"http:\/\/www.salvatoremolettieri.com\/wp-content\/uploads\/2020\/09\/scarica-la-scheda-PDF.jpg\" alt=\"\" width=\"221\" height=\"65\" srcset=\"https:\/\/www.salvatoremolettieri.com\/wp-content\/uploads\/2020\/09\/scarica-la-scheda-PDF.jpg 414w, https:\/\/www.salvatoremolettieri.com\/wp-content\/uploads\/2020\/09\/scarica-la-scheda-PDF-300x88.jpg 300w, https:\/\/www.salvatoremolettieri.com\/wp-content\/uploads\/2020\/09\/scarica-la-scheda-PDF-370x109.jpg 370w\" sizes=\"auto, (max-width: 221px) 100vw, 221px\" \/><\/a><\/h4>\n<h4>Bottle: <strong><span style=\"color: #6f042f;\">cl. 750<\/span><br \/>\n<\/strong><\/h4>","protected":false},"featured_media":4356,"template":"","meta":{"_monsterinsights_skip_tracking":false,"_monsterinsights_sitenote_active":false,"_monsterinsights_sitenote_note":"","_monsterinsights_sitenote_category":0},"product_brand":[],"product_cat":[36],"product_tag":[],"class_list":{"0":"post-3830","1":"product","2":"type-product","3":"status-publish","4":"has-post-thumbnail","6":"product_cat-vini-bianchi","7":"product_shipping_class-italia","9":"first","10":"instock","11":"shipping-taxable","12":"purchasable","13":"product-type-variable","14":"has-default-attributes"},"yoast_head":"<!-- This site is optimized with the Yoast SEO plugin v27.0 - https:\/\/yoast.com\/product\/yoast-seo-wordpress\/ -->\n<title>IRPINIA D.O.C. CODA DI VOLPE - Salvatore Molettieri<\/title>\n<meta name=\"description\" content=\"Vino ottenuto prevalentemente da uve del classico vitgno irpino Coda di Volpe. Questo vino \u00e8 di colore giallo paglierino, intenso e vivace.\" \/>\n<meta name=\"robots\" content=\"index, follow, max-snippet:-1, max-image-preview:large, max-video-preview:-1\" \/>\n<link rel=\"canonical\" href=\"https:\/\/www.salvatoremolettieri.com\/en\/product\/irpinia-d-o-c-coda-di-volpe\/\" \/>\n<meta property=\"og:locale\" content=\"en_GB\" \/>\n<meta property=\"og:type\" content=\"article\" \/>\n<meta property=\"og:title\" content=\"IRPINIA D.O.C. CODA DI VOLPE - Salvatore Molettieri\" \/>\n<meta property=\"og:description\" content=\"Vino ottenuto prevalentemente da uve del classico vitgno irpino Coda di Volpe. Questo vino \u00e8 di colore giallo paglierino, intenso e vivace.\" \/>\n<meta property=\"og:url\" content=\"https:\/\/www.salvatoremolettieri.com\/en\/product\/irpinia-d-o-c-coda-di-volpe\/\" \/>\n<meta property=\"og:site_name\" content=\"Salvatore Molettieri\" \/>\n<meta property=\"article:publisher\" content=\"https:\/\/www.facebook.com\/SalvatoreMolettieri\/\" \/>\n<meta property=\"article:modified_time\" content=\"2026-01-08T07:57:00+00:00\" \/>\n<meta property=\"og:image\" content=\"https:\/\/www.salvatoremolettieri.com\/wp-content\/uploads\/2025\/04\/Irpinia-Coda-di-Volpe-2023.png\" \/>\n\t<meta property=\"og:image:width\" content=\"600\" \/>\n\t<meta property=\"og:image:height\" content=\"900\" \/>\n\t<meta property=\"og:image:type\" content=\"image\/png\" \/>\n<meta name=\"twitter:card\" content=\"summary_large_image\" \/>\n<meta name=\"twitter:site\" content=\"@SalvMolettieri\" \/>\n<meta name=\"twitter:label1\" content=\"Estimated reading time\" \/>\n\t<meta name=\"twitter:data1\" content=\"1 minute\" \/>\n<script type=\"application\/ld+json\" class=\"yoast-schema-graph\">{\"@context\":\"https:\/\/schema.org\",\"@graph\":[{\"@type\":\"WebPage\",\"@id\":\"https:\/\/www.salvatoremolettieri.com\/product\/irpinia-d-o-c-coda-di-volpe\/\",\"url\":\"https:\/\/www.salvatoremolettieri.com\/product\/irpinia-d-o-c-coda-di-volpe\/\",\"name\":\"IRPINIA D.O.C. CODA DI VOLPE - Salvatore Molettieri\",\"isPartOf\":{\"@id\":\"https:\/\/www.salvatoremolettieri.com\/#website\"},\"primaryImageOfPage\":{\"@id\":\"https:\/\/www.salvatoremolettieri.com\/product\/irpinia-d-o-c-coda-di-volpe\/#primaryimage\"},\"image\":{\"@id\":\"https:\/\/www.salvatoremolettieri.com\/product\/irpinia-d-o-c-coda-di-volpe\/#primaryimage\"},\"thumbnailUrl\":\"https:\/\/www.salvatoremolettieri.com\/wp-content\/uploads\/2025\/04\/Irpinia-Coda-di-Volpe-2023.png\",\"datePublished\":\"2023-01-03T10:40:52+00:00\",\"dateModified\":\"2026-01-08T07:57:00+00:00\",\"description\":\"Vino ottenuto prevalentemente da uve del classico vitgno irpino Coda di Volpe. Questo vino \u00e8 di colore giallo paglierino, intenso e vivace.\",\"breadcrumb\":{\"@id\":\"https:\/\/www.salvatoremolettieri.com\/product\/irpinia-d-o-c-coda-di-volpe\/#breadcrumb\"},\"inLanguage\":\"en-GB\",\"potentialAction\":[{\"@type\":\"ReadAction\",\"target\":[\"https:\/\/www.salvatoremolettieri.com\/product\/irpinia-d-o-c-coda-di-volpe\/\"]}]},{\"@type\":\"ImageObject\",\"inLanguage\":\"en-GB\",\"@id\":\"https:\/\/www.salvatoremolettieri.com\/product\/irpinia-d-o-c-coda-di-volpe\/#primaryimage\",\"url\":\"https:\/\/www.salvatoremolettieri.com\/wp-content\/uploads\/2025\/04\/Irpinia-Coda-di-Volpe-2023.png\",\"contentUrl\":\"https:\/\/www.salvatoremolettieri.com\/wp-content\/uploads\/2025\/04\/Irpinia-Coda-di-Volpe-2023.png\",\"width\":600,\"height\":900},{\"@type\":\"BreadcrumbList\",\"@id\":\"https:\/\/www.salvatoremolettieri.com\/product\/irpinia-d-o-c-coda-di-volpe\/#breadcrumb\",\"itemListElement\":[{\"@type\":\"ListItem\",\"position\":1,\"name\":\"Home\",\"item\":\"https:\/\/www.salvatoremolettieri.com\/\"},{\"@type\":\"ListItem\",\"position\":2,\"name\":\"Prodotti\",\"item\":\"https:\/\/www.salvatoremolettieri.com\/shop\/\"},{\"@type\":\"ListItem\",\"position\":3,\"name\":\"IRPINIA D.O.C. CODA DI VOLPE\"}]},{\"@type\":\"WebSite\",\"@id\":\"https:\/\/www.salvatoremolettieri.com\/#website\",\"url\":\"https:\/\/www.salvatoremolettieri.com\/\",\"name\":\"Salvatore Molettieri\",\"description\":\"Azienda Vitivinicola\",\"publisher\":{\"@id\":\"https:\/\/www.salvatoremolettieri.com\/#organization\"},\"potentialAction\":[{\"@type\":\"SearchAction\",\"target\":{\"@type\":\"EntryPoint\",\"urlTemplate\":\"https:\/\/www.salvatoremolettieri.com\/?s={search_term_string}\"},\"query-input\":{\"@type\":\"PropertyValueSpecification\",\"valueRequired\":true,\"valueName\":\"search_term_string\"}}],\"inLanguage\":\"en-GB\"},{\"@type\":\"Organization\",\"@id\":\"https:\/\/www.salvatoremolettieri.com\/#organization\",\"name\":\"Azienda Vitivinicola Salvatore Molettieri\",\"url\":\"https:\/\/www.salvatoremolettieri.com\/\",\"logo\":{\"@type\":\"ImageObject\",\"inLanguage\":\"en-GB\",\"@id\":\"https:\/\/www.salvatoremolettieri.com\/#\/schema\/logo\/image\/\",\"url\":\"https:\/\/www.salvatoremolettieri.com\/wp-content\/uploads\/2020\/05\/salvatoremolettieri-logo.png\",\"contentUrl\":\"https:\/\/www.salvatoremolettieri.com\/wp-content\/uploads\/2020\/05\/salvatoremolettieri-logo.png\",\"width\":400,\"height\":206,\"caption\":\"Azienda Vitivinicola Salvatore Molettieri\"},\"image\":{\"@id\":\"https:\/\/www.salvatoremolettieri.com\/#\/schema\/logo\/image\/\"},\"sameAs\":[\"https:\/\/www.facebook.com\/SalvatoreMolettieri\/\",\"https:\/\/x.com\/SalvMolettieri\",\"https:\/\/www.instagram.com\/salvatoremolettieri\/?hl=it\"]}]}<\/script>\n<!-- \/ Yoast SEO plugin. -->","yoast_head_json":{"title":"IRPINIA D.O.C. CODA DI VOLPE - Salvatore Molettieri","description":"Vino ottenuto prevalentemente da uve del classico vitgno irpino Coda di Volpe. Questo vino \u00e8 di colore giallo paglierino, intenso e vivace.","robots":{"index":"index","follow":"follow","max-snippet":"max-snippet:-1","max-image-preview":"max-image-preview:large","max-video-preview":"max-video-preview:-1"},"canonical":"https:\/\/www.salvatoremolettieri.com\/en\/product\/irpinia-d-o-c-coda-di-volpe\/","og_locale":"en_GB","og_type":"article","og_title":"IRPINIA D.O.C. CODA DI VOLPE - Salvatore Molettieri","og_description":"Vino ottenuto prevalentemente da uve del classico vitgno irpino Coda di Volpe. Questo vino \u00e8 di colore giallo paglierino, intenso e vivace.","og_url":"https:\/\/www.salvatoremolettieri.com\/en\/product\/irpinia-d-o-c-coda-di-volpe\/","og_site_name":"Salvatore Molettieri","article_publisher":"https:\/\/www.facebook.com\/SalvatoreMolettieri\/","article_modified_time":"2026-01-08T07:57:00+00:00","og_image":[{"width":600,"height":900,"url":"https:\/\/www.salvatoremolettieri.com\/wp-content\/uploads\/2025\/04\/Irpinia-Coda-di-Volpe-2023.png","type":"image\/png"}],"twitter_card":"summary_large_image","twitter_site":"@SalvMolettieri","twitter_misc":{"Estimated reading time":"1 minute"},"schema":{"@context":"https:\/\/schema.org","@graph":[{"@type":"WebPage","@id":"https:\/\/www.salvatoremolettieri.com\/product\/irpinia-d-o-c-coda-di-volpe\/","url":"https:\/\/www.salvatoremolettieri.com\/product\/irpinia-d-o-c-coda-di-volpe\/","name":"IRPINIA D.O.C. CODA DI VOLPE - Salvatore Molettieri","isPartOf":{"@id":"https:\/\/www.salvatoremolettieri.com\/#website"},"primaryImageOfPage":{"@id":"https:\/\/www.salvatoremolettieri.com\/product\/irpinia-d-o-c-coda-di-volpe\/#primaryimage"},"image":{"@id":"https:\/\/www.salvatoremolettieri.com\/product\/irpinia-d-o-c-coda-di-volpe\/#primaryimage"},"thumbnailUrl":"https:\/\/www.salvatoremolettieri.com\/wp-content\/uploads\/2025\/04\/Irpinia-Coda-di-Volpe-2023.png","datePublished":"2023-01-03T10:40:52+00:00","dateModified":"2026-01-08T07:57:00+00:00","description":"Vino ottenuto prevalentemente da uve del classico vitgno irpino Coda di Volpe. Questo vino \u00e8 di colore giallo paglierino, intenso e vivace.","breadcrumb":{"@id":"https:\/\/www.salvatoremolettieri.com\/product\/irpinia-d-o-c-coda-di-volpe\/#breadcrumb"},"inLanguage":"en-GB","potentialAction":[{"@type":"ReadAction","target":["https:\/\/www.salvatoremolettieri.com\/product\/irpinia-d-o-c-coda-di-volpe\/"]}]},{"@type":"ImageObject","inLanguage":"en-GB","@id":"https:\/\/www.salvatoremolettieri.com\/product\/irpinia-d-o-c-coda-di-volpe\/#primaryimage","url":"https:\/\/www.salvatoremolettieri.com\/wp-content\/uploads\/2025\/04\/Irpinia-Coda-di-Volpe-2023.png","contentUrl":"https:\/\/www.salvatoremolettieri.com\/wp-content\/uploads\/2025\/04\/Irpinia-Coda-di-Volpe-2023.png","width":600,"height":900},{"@type":"BreadcrumbList","@id":"https:\/\/www.salvatoremolettieri.com\/product\/irpinia-d-o-c-coda-di-volpe\/#breadcrumb","itemListElement":[{"@type":"ListItem","position":1,"name":"Home","item":"https:\/\/www.salvatoremolettieri.com\/"},{"@type":"ListItem","position":2,"name":"Prodotti","item":"https:\/\/www.salvatoremolettieri.com\/shop\/"},{"@type":"ListItem","position":3,"name":"IRPINIA D.O.C. CODA DI VOLPE"}]},{"@type":"WebSite","@id":"https:\/\/www.salvatoremolettieri.com\/#website","url":"https:\/\/www.salvatoremolettieri.com\/","name":"Salvatore Molettieri","description":"Winery","publisher":{"@id":"https:\/\/www.salvatoremolettieri.com\/#organization"},"potentialAction":[{"@type":"SearchAction","target":{"@type":"EntryPoint","urlTemplate":"https:\/\/www.salvatoremolettieri.com\/?s={search_term_string}"},"query-input":{"@type":"PropertyValueSpecification","valueRequired":true,"valueName":"search_term_string"}}],"inLanguage":"en-GB"},{"@type":"Organization","@id":"https:\/\/www.salvatoremolettieri.com\/#organization","name":"Azienda Vitivinicola Salvatore Molettieri","url":"https:\/\/www.salvatoremolettieri.com\/","logo":{"@type":"ImageObject","inLanguage":"en-GB","@id":"https:\/\/www.salvatoremolettieri.com\/#\/schema\/logo\/image\/","url":"https:\/\/www.salvatoremolettieri.com\/wp-content\/uploads\/2020\/05\/salvatoremolettieri-logo.png","contentUrl":"https:\/\/www.salvatoremolettieri.com\/wp-content\/uploads\/2020\/05\/salvatoremolettieri-logo.png","width":400,"height":206,"caption":"Azienda Vitivinicola Salvatore Molettieri"},"image":{"@id":"https:\/\/www.salvatoremolettieri.com\/#\/schema\/logo\/image\/"},"sameAs":["https:\/\/www.facebook.com\/SalvatoreMolettieri\/","https:\/\/x.com\/SalvMolettieri","https:\/\/www.instagram.com\/salvatoremolettieri\/?hl=it"]}]}},"_links":{"self":[{"href":"https:\/\/www.salvatoremolettieri.com\/en\/wp-json\/wp\/v2\/product\/3830","targetHints":{"allow":["GET"]}}],"collection":[{"href":"https:\/\/www.salvatoremolettieri.com\/en\/wp-json\/wp\/v2\/product"}],"about":[{"href":"https:\/\/www.salvatoremolettieri.com\/en\/wp-json\/wp\/v2\/types\/product"}],"wp:featuredmedia":[{"embeddable":true,"href":"https:\/\/www.salvatoremolettieri.com\/en\/wp-json\/wp\/v2\/media\/4356"}],"wp:attachment":[{"href":"https:\/\/www.salvatoremolettieri.com\/en\/wp-json\/wp\/v2\/media?parent=3830"}],"wp:term":[{"taxonomy":"product_brand","embeddable":true,"href":"https:\/\/www.salvatoremolettieri.com\/en\/wp-json\/wp\/v2\/product_brand?post=3830"},{"taxonomy":"product_cat","embeddable":true,"href":"https:\/\/www.salvatoremolettieri.com\/en\/wp-json\/wp\/v2\/product_cat?post=3830"},{"taxonomy":"product_tag","embeddable":true,"href":"https:\/\/www.salvatoremolettieri.com\/en\/wp-json\/wp\/v2\/product_tag?post=3830"}],"curies":[{"name":"wp","href":"https:\/\/api.w.org\/{rel}","templated":true}]}}